{"id":97,"date":"2024-12-27T09:20:19","date_gmt":"2024-12-27T08:20:19","guid":{"rendered":"http:\/\/localhost\/medicover-ubezpieczenia\/web\/?page_id=97"},"modified":"2025-03-25T12:53:50","modified_gmt":"2025-03-25T11:53:50","slug":"contact","status":"publish","type":"page","link":"https:\/\/ubezpieczeniamedicover.pl\/en\/kontakt\/","title":{"rendered":"Contact"},"content":{"rendered":"<div class=\"wp-block-group alignfull has-info-bg-background-color has-background has-global-padding is-layout-constrained wp-block-group-is-layout-constrained\" style=\"padding-top:36px;padding-bottom:28px\">\n<h1 class=\"wp-block-heading has-text-align-center has-medium-font-size\">Contact<\/h1>\n<\/div>\n\n\n\n<div class=\"wp-block-group has-global-padding is-layout-constrained wp-block-group-is-layout-constrained\" style=\"padding-top:var(--wp--preset--spacing--small)\">\t\t\t\t<style>@keyframes spin{0%{transform:rotate(0deg)}100%{transform:rotate(360deg)}}p.is-style-uppercase{text-transform:uppercase}p.is-style-preheading{color:var(--wp--preset--color--secondary);text-transform:uppercase}p.is-style-subheading{color:var(--wp--preset--color--primary);font-weight:800;letter-spacing:0.075rem;margin-bottom:1.5rem;text-transform:uppercase;font-size:1rem;line-height:1.5}p.is-style-leadparagraph{font-weight:700;font-size:1rem;line-height:1.5}@media(min-width: 768px){p.is-style-leadparagraph{font-size:1.125rem;line-height:1.5}}\n<\/style>\n\t\t\t\t\n<p><strong>Medicover F\u00f6rs\u00e4krings AB (publ.) Sp\u00f3\u0142ka Akcyjna - Oddzia\u0142 w Polsce<\/strong><br><strong>(Medicover Insurance)<\/strong><\/p>\n\n\n\n<p>KRS: 0000280346, REGON: 140996413, NIP: 1070007812<\/p>\n\n\n\n<p>96 Jerozolimskie Avenue<br>00-807 Warsaw<br>Tel:&nbsp;<a href=\"tel:500 900 640\">500 900 640<\/a><br>E-mail:&nbsp;<a href=\"mailto:ubezpieczenia@medicover.pl\">ubezpieczenia@medicover.pl<\/a><\/p>\n\n\n\n<p>Monday - Friday: 08:00- 19:00<\/p>\n<\/div>\n\n\n\n<section class=\"map-frame\">\n\t\t\t\t\t<style>@keyframes spin{0%{transform:rotate(0deg)}100%{transform:rotate(360deg)}}.map-frame{padding:1.875rem 0 2.5rem}@media(min-width: 992px){.map-frame{padding:3.125rem 0 6.25rem}}.map-frame iframe{width:100%;height:26.875rem;border:none}\n<\/style>\n\t\t\t\t\t<div class=\"container\">\n\t\t<div class=\"row\">\n\t\t\t<div class=\"col-12\">\n\t\t\t\t<div class=\"map-frame__frame\">\n\t\t\t\t\t<iframe src=\"https:\/\/www.google.com\/maps\/embed?pb=!1m18!1m12!1m3!1d1222.1061281521932!2d20.97645572085967!3d52.2213614143491!2m3!1f0!2f0!3f0!3m2!1i1024!2i768!4f13.1!3m3!1m2!1s0x471ecca6595fa161%3A0xc4ca2a4b292a7018!2sMedicover%20Center!5e0!3m2!1sen!2spl!4v1738164095101!5m2!1sen!2spl\" width=\"1280\" height=\"430\" allowfullscreen=\"\" loading=\"lazy\"><\/iframe>\t\t\t\t<\/div>\n\t\t\t<\/div>\n\t\t<\/div>\n\t<\/div>\n<\/section>","protected":false},"excerpt":{"rendered":"<p>Kontakt Medicover F\u00f6rs\u00e4krings AB (publ.) Sp\u00f3\u0142ka Akcyjna \u2013 Oddzia\u0142 w&nbsp;Polsce(Medicover Ubezpieczenia) KRS: 0000280346, REGON: 140996413, NIP: 1070007812 Al. Jerozolimskie 9600-807 WarszawaTel:&nbsp;500 900 640E-mail:&nbsp;ubezpieczenia@medicover.pl Poniedzia\u0142ek &#8211; pi\u0105tek: 08:00- 19:00<\/p>","protected":false},"author":3,"featured_media":0,"parent":0,"menu_order":3,"comment_status":"closed","ping_status":"closed","template":"","meta":{"_acf_changed":false,"footnotes":""},"class_list":["post-97","page","type-page","status-publish","hentry"],"acf":[],"yoast_head":"<!-- This site is optimized with the Yoast SEO plugin v27.4 - https:\/\/yoast.com\/product\/yoast-seo-wordpress\/ -->\n<title>Kontakt - Medicover ubezpieczenia<\/title>\n<meta name=\"robots\" content=\"index, follow, max-snippet:-1, max-image-preview:large, max-video-preview:-1\" \/>\n<link rel=\"canonical\" href=\"https:\/\/ubezpieczeniamedicover.pl\/en\/contact\/\" \/>\n<meta property=\"og:locale\" content=\"en_US\" \/>\n<meta property=\"og:type\" content=\"article\" \/>\n<meta property=\"og:title\" content=\"Kontakt - Medicover ubezpieczenia\" \/>\n<meta property=\"og:description\" content=\"Kontakt Medicover F\u00f6rs\u00e4krings AB (publ.) Sp\u00f3\u0142ka Akcyjna \u2013 Oddzia\u0142 w&nbsp;Polsce(Medicover Ubezpieczenia) KRS: 0000280346, REGON: 140996413, NIP: 1070007812 Al. Jerozolimskie 9600-807 WarszawaTel:&nbsp;500 900 640E-mail:&nbsp;ubezpieczenia@medicover.pl Poniedzia\u0142ek &#8211; pi\u0105tek: 08:00- 19:00\" \/>\n<meta property=\"og:url\" content=\"https:\/\/ubezpieczeniamedicover.pl\/en\/contact\/\" \/>\n<meta property=\"og:site_name\" content=\"Medicover ubezpieczenia\" \/>\n<meta property=\"article:modified_time\" content=\"2025-03-25T11:53:50+00:00\" \/>\n<meta name=\"twitter:card\" content=\"summary_large_image\" \/>\n<script type=\"application\/ld+json\" class=\"yoast-schema-graph\">{\"@context\":\"https:\\\/\\\/schema.org\",\"@graph\":[{\"@type\":\"WebPage\",\"@id\":\"https:\\\/\\\/ubezpieczeniamedicover.pl\\\/kontakt\\\/\",\"url\":\"https:\\\/\\\/ubezpieczeniamedicover.pl\\\/kontakt\\\/\",\"name\":\"Kontakt - Medicover ubezpieczenia\",\"isPartOf\":{\"@id\":\"https:\\\/\\\/ubezpieczeniamedicover.pl\\\/#website\"},\"datePublished\":\"2024-12-27T08:20:19+00:00\",\"dateModified\":\"2025-03-25T11:53:50+00:00\",\"inLanguage\":\"en-US\",\"potentialAction\":[{\"@type\":\"ReadAction\",\"target\":[\"https:\\\/\\\/ubezpieczeniamedicover.pl\\\/kontakt\\\/\"]}]},{\"@type\":\"BreadcrumbList\",\"@id\":\"https:\\\/\\\/ubezpieczeniamedicover.pl\\\/kontakt\\\/#breadcrumb\",\"itemListElement\":[{\"@type\":\"ListItem\",\"position\":1,\"name\":\"Strona g\u0142\u00f3wna\",\"item\":\"https:\\\/\\\/ubezpieczeniamedicover.pl\\\/\"},{\"@type\":\"ListItem\",\"position\":2,\"name\":\"Kontakt\"}]},{\"@type\":\"WebSite\",\"@id\":\"https:\\\/\\\/ubezpieczeniamedicover.pl\\\/#website\",\"url\":\"https:\\\/\\\/ubezpieczeniamedicover.pl\\\/\",\"name\":\"Medicover ubezpieczenia\",\"description\":\"\",\"potentialAction\":[{\"@type\":\"SearchAction\",\"target\":{\"@type\":\"EntryPoint\",\"urlTemplate\":\"https:\\\/\\\/ubezpieczeniamedicover.pl\\\/?s={search_term_string}\"},\"query-input\":{\"@type\":\"PropertyValueSpecification\",\"valueRequired\":true,\"valueName\":\"search_term_string\"}}],\"inLanguage\":\"en-US\"},{\"@type\":\"MedicalOrganization\",\"@id\":\"https:\\\/\\\/ubezpieczeniamedicover.pl\\\/#medical-organization\",\"name\":\"Medicover Ubezpieczenia\",\"url\":\"https:\\\/\\\/ubezpieczeniamedicover.pl\\\/\",\"logo\":\"https:\\\/\\\/ubezpieczeniamedicover.pl\\\/wp-content\\\/uploads\\\/2025\\\/01\\\/header.svg\",\"address\":{\"@type\":\"PostalAddress\",\"streetAddress\":\"Al. Jerozolimskie 96\",\"addressLocality\":\"Warszawa\",\"postalCode\":\"00-807\",\"addressCountry\":\"Polska\"},\"telephone\":\"+48 500 900 640\",\"isAcceptingNewPatients\":true}]}<\/script>\n<!-- \/ Yoast SEO plugin. -->","yoast_head_json":{"title":"Contact - Medicover insurance","robots":{"index":"index","follow":"follow","max-snippet":"max-snippet:-1","max-image-preview":"max-image-preview:large","max-video-preview":"max-video-preview:-1"},"canonical":"https:\/\/ubezpieczeniamedicover.pl\/en\/contact\/","og_locale":"en_US","og_type":"article","og_title":"Kontakt - Medicover ubezpieczenia","og_description":"Kontakt Medicover F\u00f6rs\u00e4krings AB (publ.) Sp\u00f3\u0142ka Akcyjna \u2013 Oddzia\u0142 w&nbsp;Polsce(Medicover Ubezpieczenia) KRS: 0000280346, REGON: 140996413, NIP: 1070007812 Al. Jerozolimskie 9600-807 WarszawaTel:&nbsp;500 900 640E-mail:&nbsp;ubezpieczenia@medicover.pl Poniedzia\u0142ek &#8211; pi\u0105tek: 08:00- 19:00","og_url":"https:\/\/ubezpieczeniamedicover.pl\/en\/contact\/","og_site_name":"Medicover ubezpieczenia","article_modified_time":"2025-03-25T11:53:50+00:00","twitter_card":"summary_large_image","schema":{"@context":"https:\/\/schema.org","@graph":[{"@type":"WebPage","@id":"https:\/\/ubezpieczeniamedicover.pl\/kontakt\/","url":"https:\/\/ubezpieczeniamedicover.pl\/kontakt\/","name":"Contact - Medicover insurance","isPartOf":{"@id":"https:\/\/ubezpieczeniamedicover.pl\/#website"},"datePublished":"2024-12-27T08:20:19+00:00","dateModified":"2025-03-25T11:53:50+00:00","inLanguage":"en-US","potentialAction":[{"@type":"ReadAction","target":["https:\/\/ubezpieczeniamedicover.pl\/kontakt\/"]}]},{"@type":"BreadcrumbList","@id":"https:\/\/ubezpieczeniamedicover.pl\/kontakt\/#breadcrumb","itemListElement":[{"@type":"ListItem","position":1,"name":"Strona g\u0142\u00f3wna","item":"https:\/\/ubezpieczeniamedicover.pl\/"},{"@type":"ListItem","position":2,"name":"Kontakt"}]},{"@type":"WebSite","@id":"https:\/\/ubezpieczeniamedicover.pl\/#website","url":"https:\/\/ubezpieczeniamedicover.pl\/","name":"Medicover insurance","description":"","potentialAction":[{"@type":"SearchAction","target":{"@type":"EntryPoint","urlTemplate":"https:\/\/ubezpieczeniamedicover.pl\/?s={search_term_string}"},"query-input":{"@type":"PropertyValueSpecification","valueRequired":true,"valueName":"search_term_string"}}],"inLanguage":"en-US"},{"@type":"MedicalOrganization","@id":"https:\/\/ubezpieczeniamedicover.pl\/#medical-organization","name":"Medicover Insurance","url":"https:\/\/ubezpieczeniamedicover.pl\/","logo":"https:\/\/ubezpieczeniamedicover.pl\/wp-content\/uploads\/2025\/01\/header.svg","address":{"@type":"PostalAddress","streetAddress":"Al. Jerozolimskie 96","addressLocality":"Warszawa","postalCode":"00-807","addressCountry":"Polska"},"telephone":"+48 500 900 640","isAcceptingNewPatients":true}]}},"_links":{"self":[{"href":"https:\/\/ubezpieczeniamedicover.pl\/en\/wp-json\/wp\/v2\/pages\/97","targetHints":{"allow":["GET"]}}],"collection":[{"href":"https:\/\/ubezpieczeniamedicover.pl\/en\/wp-json\/wp\/v2\/pages"}],"about":[{"href":"https:\/\/ubezpieczeniamedicover.pl\/en\/wp-json\/wp\/v2\/types\/page"}],"author":[{"embeddable":true,"href":"https:\/\/ubezpieczeniamedicover.pl\/en\/wp-json\/wp\/v2\/users\/3"}],"replies":[{"embeddable":true,"href":"https:\/\/ubezpieczeniamedicover.pl\/en\/wp-json\/wp\/v2\/comments?post=97"}],"version-history":[{"count":9,"href":"https:\/\/ubezpieczeniamedicover.pl\/en\/wp-json\/wp\/v2\/pages\/97\/revisions"}],"predecessor-version":[{"id":1434,"href":"https:\/\/ubezpieczeniamedicover.pl\/en\/wp-json\/wp\/v2\/pages\/97\/revisions\/1434"}],"wp:attachment":[{"href":"https:\/\/ubezpieczeniamedicover.pl\/en\/wp-json\/wp\/v2\/media?parent=97"}],"curies":[{"name":"wp","href":"https:\/\/api.w.org\/{rel}","templated":true}]}}